{"id":18,"date":"2026-05-13T19:33:48","date_gmt":"2026-05-13T19:33:48","guid":{"rendered":"https:\/\/808istanbul.com\/portfolio\/"},"modified":"2026-05-13T20:05:10","modified_gmt":"2026-05-13T20:05:10","slug":"portfolio","status":"publish","type":"page","link":"https:\/\/808istanbul.com\/tr\/portfolio\/","title":{"rendered":"Portf\u00f6y"},"content":{"rendered":"<div class=\"wp-block-group alignfull is-style-ext-preset--group--natural-1--section has-background-background-color has-background has-global-padding is-layout-constrained wp-container-core-group-is-layout-f72f1611 wp-block-group-is-layout-constrained\" id=\"galerie\" style=\"margin-top:0;margin-bottom:0;padding-top:var(--wp--preset--spacing--70);padding-bottom:var(--wp--preset--spacing--70)\">\n<div class=\"wp-block-group alignwide ext-is-logical-start has-global-padding is-content-justification-left is-layout-constrained wp-container-core-group-is-layout-6729bdbe wp-block-group-is-layout-constrained\">\n<h2 class=\"wp-block-heading ext-animate--on\">Entdecken Sie das kreative Schaffen von 808 \u0130stanbul Record.<\/h2>\n\n\n\n<p class=\"has-text-align-left ext-animate--on\" style=\"margin-top:1.5rem\">Hier pr\u00e4sentieren wir eine Auswahl an visuellen Eindr\u00fccken, die unsere musikalische und k\u00fcnstlerische Vielfalt widerspiegeln.<\/p>\n<\/div>\n\n\n\n<div class=\"wp-block-columns alignwide is-layout-flex wp-container-core-columns-is-layout-87beb0d0 wp-block-columns-is-layout-flex\">\n<div class=\"wp-block-column is-vertically-aligned-top ext-animate--on is-layout-flow wp-container-core-column-is-layout-f5bb311e wp-block-column-is-layout-flow\">\n<figure class=\"wp-block-image is-style-ext-preset--image--natural-1--image-1--content-bottom is-style-ext-preset--image--natural-1--image-1--content-bottom--2\"><img loading=\"lazy\" decoding=\"async\" width=\"960\" height=\"1440\" class=\"wp-image-70\" src=\"https:\/\/808istanbul.com\/wp-content\/uploads\/2026\/05\/52be2be925bf8a3b7be754c163995f150c10223b.jpg\" alt=\"\" style=\"aspect-ratio:1;object-fit:cover\" srcset=\"https:\/\/808istanbul.com\/wp-content\/uploads\/2026\/05\/52be2be925bf8a3b7be754c163995f150c10223b.jpg 960w, https:\/\/808istanbul.com\/wp-content\/uploads\/2026\/05\/52be2be925bf8a3b7be754c163995f150c10223b-200x300.jpg 200w, https:\/\/808istanbul.com\/wp-content\/uploads\/2026\/05\/52be2be925bf8a3b7be754c163995f150c10223b-683x1024.jpg 683w, https:\/\/808istanbul.com\/wp-content\/uploads\/2026\/05\/52be2be925bf8a3b7be754c163995f150c10223b-768x1152.jpg 768w, https:\/\/808istanbul.com\/wp-content\/uploads\/2026\/05\/52be2be925bf8a3b7be754c163995f150c10223b-8x12.jpg 8w\" sizes=\"auto, (max-width: 960px) 100vw, 960px\" \/><\/figure>\n\n\n\n<figure class=\"wp-block-image is-style-ext-preset--image--natural-1--image-1--content-right is-style-ext-preset--image--natural-1--image-1--content-right--3\"><img loading=\"lazy\" decoding=\"async\" width=\"1440\" height=\"960\" class=\"wp-image-58\" src=\"https:\/\/808istanbul.com\/wp-content\/uploads\/2026\/05\/2d95f6bda589cb2148177b1c81ac1c471e0bb83d.jpg\" alt=\"\" style=\"aspect-ratio:4\/3;object-fit:cover\" srcset=\"https:\/\/808istanbul.com\/wp-content\/uploads\/2026\/05\/2d95f6bda589cb2148177b1c81ac1c471e0bb83d.jpg 1440w, https:\/\/808istanbul.com\/wp-content\/uploads\/2026\/05\/2d95f6bda589cb2148177b1c81ac1c471e0bb83d-300x200.jpg 300w, https:\/\/808istanbul.com\/wp-content\/uploads\/2026\/05\/2d95f6bda589cb2148177b1c81ac1c471e0bb83d-1024x683.jpg 1024w, https:\/\/808istanbul.com\/wp-content\/uploads\/2026\/05\/2d95f6bda589cb2148177b1c81ac1c471e0bb83d-768x512.jpg 768w, https:\/\/808istanbul.com\/wp-content\/uploads\/2026\/05\/2d95f6bda589cb2148177b1c81ac1c471e0bb83d-18x12.jpg 18w\" sizes=\"auto, (max-width: 1440px) 100vw, 1440px\" \/><\/figure>\n<\/div>\n\n\n\n<div class=\"wp-block-column is-vertically-aligned-top ext-animate--on is-layout-flow wp-container-core-column-is-layout-f5bb311e wp-block-column-is-layout-flow\">\n<figure class=\"wp-block-image is-style-ext-preset--image--natural-1--image-1--content-left is-style-ext-preset--image--natural-1--image-1--content-left--4\"><img loading=\"lazy\" decoding=\"async\" width=\"1440\" height=\"960\" class=\"wp-image-57\" src=\"https:\/\/808istanbul.com\/wp-content\/uploads\/2026\/05\/c67a3756709ad730a599b4155146a017514a12d1.jpg\" alt=\"\" style=\"aspect-ratio:4\/3;object-fit:cover\" srcset=\"https:\/\/808istanbul.com\/wp-content\/uploads\/2026\/05\/c67a3756709ad730a599b4155146a017514a12d1.jpg 1440w, https:\/\/808istanbul.com\/wp-content\/uploads\/2026\/05\/c67a3756709ad730a599b4155146a017514a12d1-300x200.jpg 300w, https:\/\/808istanbul.com\/wp-content\/uploads\/2026\/05\/c67a3756709ad730a599b4155146a017514a12d1-1024x683.jpg 1024w, https:\/\/808istanbul.com\/wp-content\/uploads\/2026\/05\/c67a3756709ad730a599b4155146a017514a12d1-768x512.jpg 768w, https:\/\/808istanbul.com\/wp-content\/uploads\/2026\/05\/c67a3756709ad730a599b4155146a017514a12d1-18x12.jpg 18w\" sizes=\"auto, (max-width: 1440px) 100vw, 1440px\" \/><\/figure>\n\n\n\n<figure class=\"wp-block-image is-style-ext-preset--image--natural-1--image-1--content-left is-style-ext-preset--image--natural-1--image-1--content-left--5\"><img loading=\"lazy\" decoding=\"async\" width=\"1440\" height=\"960\" class=\"wp-image-59\" src=\"https:\/\/808istanbul.com\/wp-content\/uploads\/2026\/05\/43d626020086b3f1a18106844d762484560de755.jpg\" alt=\"\" style=\"aspect-ratio:1;object-fit:cover\" srcset=\"https:\/\/808istanbul.com\/wp-content\/uploads\/2026\/05\/43d626020086b3f1a18106844d762484560de755.jpg 1440w, https:\/\/808istanbul.com\/wp-content\/uploads\/2026\/05\/43d626020086b3f1a18106844d762484560de755-300x200.jpg 300w, https:\/\/808istanbul.com\/wp-content\/uploads\/2026\/05\/43d626020086b3f1a18106844d762484560de755-1024x683.jpg 1024w, https:\/\/808istanbul.com\/wp-content\/uploads\/2026\/05\/43d626020086b3f1a18106844d762484560de755-768x512.jpg 768w, https:\/\/808istanbul.com\/wp-content\/uploads\/2026\/05\/43d626020086b3f1a18106844d762484560de755-18x12.jpg 18w\" sizes=\"auto, (max-width: 1440px) 100vw, 1440px\" \/><\/figure>\n<\/div>\n<\/div>\n<\/div>\n\n<div class=\"wp-block-group alignfull is-style-ext-preset--group--natural-1--section has-tertiary-background-color has-background has-global-padding is-layout-constrained wp-container-core-group-is-layout-e955bbaf wp-block-group-is-layout-constrained\" style=\"margin-top:0;margin-bottom:0;padding-top:var(--wp--preset--spacing--70);padding-bottom:var(--wp--preset--spacing--70)\">\n<div class=\"wp-block-group alignwide ext-is-logical-start has-global-padding is-content-justification-left is-layout-constrained wp-container-core-group-is-layout-6729bdbe wp-block-group-is-layout-constrained\">\n<h2 class=\"wp-block-heading ext-animate--on\">Erfolgreiche Projekte aus unserem kreativen Studio<\/h2>\n\n\n\n<p class=\"ext-animate--on\">Dieser Abschnitt erl\u00e4utert unseren kreativen Prozess und zeigt, wie Sie mit 808 \u0130stanbul Ihre Musikprojekte verwirklichen.<\/p>\n<\/div>\n\n\n\n<div class=\"wp-block-media-text alignwide has-media-on-the-right is-stacked-on-mobile is-image-fill-element is-style-ext-preset--media-text--natural-1--card-1 ext-animate--on is-style-ext-preset--media-text--natural-1--card-1--7\"><div class=\"wp-block-media-text__content\">\n<div class=\"wp-block-group alignwide is-vertical is-layout-flex wp-container-core-group-is-layout-53474e87 wp-block-group-is-layout-flex\" style=\"padding-top:var(--wp--preset--spacing--60);padding-bottom:var(--wp--preset--spacing--60)\">\n<div class=\"wp-block-group has-global-padding is-layout-constrained wp-container-core-group-is-layout-812d5580 wp-block-group-is-layout-constrained\" style=\"padding-top:0;padding-right:0;padding-bottom:0;padding-left:0\">\n<h3 class=\"wp-block-heading\">So hat 808 \u0130stanbul die Musikproduktion neu definiert<\/h3>\n\n\n\n<p>Diese Fallstudie veranschaulicht, wie 808 \u0130stanbul Herausforderungen in der Musikproduktion meisterte und dadurch innovative Klangwelten schuf.<\/p>\n<\/div>\n<\/div>\n<\/div><figure class=\"wp-block-media-text__media\"><img loading=\"lazy\" decoding=\"async\" width=\"1280\" height=\"1920\" class=\"wp-image-71 size-full\" src=\"https:\/\/808istanbul.com\/wp-content\/uploads\/2026\/05\/cc2297ed0d976c37cbd460dfe1eedc430439fd68.jpg\" alt=\"\" style=\"object-position:50% 50%\" srcset=\"https:\/\/808istanbul.com\/wp-content\/uploads\/2026\/05\/cc2297ed0d976c37cbd460dfe1eedc430439fd68.jpg 1280w, https:\/\/808istanbul.com\/wp-content\/uploads\/2026\/05\/cc2297ed0d976c37cbd460dfe1eedc430439fd68-200x300.jpg 200w, https:\/\/808istanbul.com\/wp-content\/uploads\/2026\/05\/cc2297ed0d976c37cbd460dfe1eedc430439fd68-683x1024.jpg 683w, https:\/\/808istanbul.com\/wp-content\/uploads\/2026\/05\/cc2297ed0d976c37cbd460dfe1eedc430439fd68-768x1152.jpg 768w, https:\/\/808istanbul.com\/wp-content\/uploads\/2026\/05\/cc2297ed0d976c37cbd460dfe1eedc430439fd68-1024x1536.jpg 1024w, https:\/\/808istanbul.com\/wp-content\/uploads\/2026\/05\/cc2297ed0d976c37cbd460dfe1eedc430439fd68-8x12.jpg 8w\" sizes=\"auto, (max-width: 1280px) 100vw, 1280px\" \/><\/figure><\/div>\n\n\n\n<div class=\"wp-block-media-text alignwide is-stacked-on-mobile is-image-fill-element is-style-ext-preset--media-text--natural-1--card-1 ext-animate--on is-style-ext-preset--media-text--natural-1--card-1--8\" style=\"margin-top:var(--wp--preset--spacing--40)\"><figure class=\"wp-block-media-text__media\"><img loading=\"lazy\" decoding=\"async\" width=\"1280\" height=\"1920\" class=\"wp-image-63 size-full\" src=\"https:\/\/808istanbul.com\/wp-content\/uploads\/2026\/05\/36a54e0622f55fe74c283ea0fec349967e420444.jpg\" alt=\"\" style=\"object-position:50% 50%\" srcset=\"https:\/\/808istanbul.com\/wp-content\/uploads\/2026\/05\/36a54e0622f55fe74c283ea0fec349967e420444.jpg 1280w, https:\/\/808istanbul.com\/wp-content\/uploads\/2026\/05\/36a54e0622f55fe74c283ea0fec349967e420444-200x300.jpg 200w, https:\/\/808istanbul.com\/wp-content\/uploads\/2026\/05\/36a54e0622f55fe74c283ea0fec349967e420444-683x1024.jpg 683w, https:\/\/808istanbul.com\/wp-content\/uploads\/2026\/05\/36a54e0622f55fe74c283ea0fec349967e420444-768x1152.jpg 768w, https:\/\/808istanbul.com\/wp-content\/uploads\/2026\/05\/36a54e0622f55fe74c283ea0fec349967e420444-1024x1536.jpg 1024w, https:\/\/808istanbul.com\/wp-content\/uploads\/2026\/05\/36a54e0622f55fe74c283ea0fec349967e420444-8x12.jpg 8w\" sizes=\"auto, (max-width: 1280px) 100vw, 1280px\" \/><\/figure><div class=\"wp-block-media-text__content\">\n<div class=\"wp-block-group alignwide is-vertical is-layout-flex wp-container-core-group-is-layout-53474e87 wp-block-group-is-layout-flex\" style=\"padding-top:var(--wp--preset--spacing--60);padding-bottom:var(--wp--preset--spacing--60)\">\n<div class=\"wp-block-group has-global-padding is-layout-constrained wp-container-core-group-is-layout-812d5580 wp-block-group-is-layout-constrained\" style=\"padding-top:0;padding-right:0;padding-bottom:0;padding-left:0\">\n<h3 class=\"wp-block-heading\">Nachhaltigen Erfolg durch kreative Musikproduktionen sichern<\/h3>\n\n\n\n<p>Diese Fallstudie beschreibt, wie 808 \u0130stanbul Produktionsprozesse optimierte und au\u00dfergew\u00f6hnliche Sounderlebnisse realisierte.<\/p>\n<\/div>\n<\/div>\n<\/div><\/div>\n\n\n\n<div class=\"wp-block-media-text alignwide has-media-on-the-right is-stacked-on-mobile is-image-fill-element is-style-ext-preset--media-text--natural-1--card-1 ext-animate--on is-style-ext-preset--media-text--natural-1--card-1--9\" style=\"margin-top:var(--wp--preset--spacing--40)\"><div class=\"wp-block-media-text__content\">\n<div class=\"wp-block-group alignwide is-vertical is-layout-flex wp-container-core-group-is-layout-53474e87 wp-block-group-is-layout-flex\" style=\"padding-top:var(--wp--preset--spacing--60);padding-bottom:var(--wp--preset--spacing--60)\">\n<div class=\"wp-block-group has-global-padding is-layout-constrained wp-container-core-group-is-layout-812d5580 wp-block-group-is-layout-constrained\" style=\"padding-top:0;padding-right:0;padding-bottom:0;padding-left:0\">\n<h3 class=\"wp-block-heading\">Optimierung kreativer Abl\u00e4ufe durch professionelle Studioarbeit<\/h3>\n\n\n\n<p>Diese Fallstudie zeigt, wie 808 \u0130stanbul Musikproduktionen verbesserte, Kosten reduzierte und digitale Reichweite steigerte.<\/p>\n<\/div>\n<\/div>\n<\/div><figure class=\"wp-block-media-text__media\"><img loading=\"lazy\" decoding=\"async\" width=\"1280\" height=\"1828\" class=\"wp-image-64 size-full\" src=\"https:\/\/808istanbul.com\/wp-content\/uploads\/2026\/05\/2b783ce0fcce64ff67550eff598174e761599f21.jpg\" alt=\"\" style=\"object-position:50% 50%\" srcset=\"https:\/\/808istanbul.com\/wp-content\/uploads\/2026\/05\/2b783ce0fcce64ff67550eff598174e761599f21.jpg 1280w, https:\/\/808istanbul.com\/wp-content\/uploads\/2026\/05\/2b783ce0fcce64ff67550eff598174e761599f21-210x300.jpg 210w, https:\/\/808istanbul.com\/wp-content\/uploads\/2026\/05\/2b783ce0fcce64ff67550eff598174e761599f21-717x1024.jpg 717w, https:\/\/808istanbul.com\/wp-content\/uploads\/2026\/05\/2b783ce0fcce64ff67550eff598174e761599f21-768x1097.jpg 768w, https:\/\/808istanbul.com\/wp-content\/uploads\/2026\/05\/2b783ce0fcce64ff67550eff598174e761599f21-1076x1536.jpg 1076w, https:\/\/808istanbul.com\/wp-content\/uploads\/2026\/05\/2b783ce0fcce64ff67550eff598174e761599f21-8x12.jpg 8w\" sizes=\"auto, (max-width: 1280px) 100vw, 1280px\" \/><\/figure><\/div>\n\n\n\n<div class=\"wp-block-buttons ext-animate--on is-content-justification-center is-layout-flex wp-container-core-buttons-is-layout-a89b3969 wp-block-buttons-is-layout-flex\">\n<div class=\"wp-block-button is-style-ext-preset--button--natural-1--button-1 is-style-ext-preset--button--natural-1--button-1--10\"><a class=\"wp-block-button__link wp-element-button\" href=\"https:\/\/808istanbul.com\/tr\/kontakt\/\">Daha fazla bilgi edinin<\/a><\/div>\n<\/div>\n<\/div>\n\n<div class=\"wp-block-group alignfull is-style-ext-preset--group--natural-1--section has-background-background-color has-background has-global-padding is-layout-constrained wp-container-core-group-is-layout-e955bbaf wp-block-group-is-layout-constrained\" style=\"margin-top:0;margin-bottom:0;padding-top:var(--wp--preset--spacing--70);padding-bottom:var(--wp--preset--spacing--70)\">\n<div class=\"wp-block-media-text alignwide is-stacked-on-mobile is-image-fill-element is-style-ext-preset--media-text--natural-1--card-1 ext-animate--on has-tertiary-background-color has-background is-style-ext-preset--media-text--natural-1--card-1--12\"><figure class=\"wp-block-media-text__media\"><img loading=\"lazy\" decoding=\"async\" width=\"960\" height=\"1440\" class=\"wp-image-68 size-full\" src=\"https:\/\/808istanbul.com\/wp-content\/uploads\/2026\/05\/1c2624a3f900cf1647384de2fc41b28e01333ec2.jpg\" alt=\"\" style=\"object-position:50% 50%\" srcset=\"https:\/\/808istanbul.com\/wp-content\/uploads\/2026\/05\/1c2624a3f900cf1647384de2fc41b28e01333ec2.jpg 960w, https:\/\/808istanbul.com\/wp-content\/uploads\/2026\/05\/1c2624a3f900cf1647384de2fc41b28e01333ec2-200x300.jpg 200w, https:\/\/808istanbul.com\/wp-content\/uploads\/2026\/05\/1c2624a3f900cf1647384de2fc41b28e01333ec2-683x1024.jpg 683w, https:\/\/808istanbul.com\/wp-content\/uploads\/2026\/05\/1c2624a3f900cf1647384de2fc41b28e01333ec2-768x1152.jpg 768w, https:\/\/808istanbul.com\/wp-content\/uploads\/2026\/05\/1c2624a3f900cf1647384de2fc41b28e01333ec2-8x12.jpg 8w\" sizes=\"auto, (max-width: 960px) 100vw, 960px\" \/><\/figure><div class=\"wp-block-media-text__content\">\n<div class=\"wp-block-group alignwide is-vertical is-layout-flex wp-container-core-group-is-layout-53474e87 wp-block-group-is-layout-flex\" style=\"padding-top:var(--wp--preset--spacing--60);padding-bottom:var(--wp--preset--spacing--60)\">\n<div class=\"wp-block-group has-global-padding is-layout-constrained wp-container-core-group-is-layout-812d5580 wp-block-group-is-layout-constrained\" style=\"padding-top:0;padding-right:0;padding-bottom:0;padding-left:0\">\n<h2 class=\"wp-block-heading\">Tauchen Sie ein in die Welt der Klanginnovation<\/h2>\n\n\n\n<p>Erfahren Sie, wie unser kreatives Studio Ihre Musikprojekte auf das n\u00e4chste Level hebt. Entdecken Sie unsere ma\u00dfgeschneiderten Dienstleistungen und starten Sie Ihre Zusammenarbeit mit uns noch heute.<\/p>\n<\/div>\n\n\n\n<div class=\"wp-block-buttons is-layout-flex wp-block-buttons-is-layout-flex\">\n<div class=\"wp-block-button is-style-ext-preset--button--natural-1--button-1 is-style-ext-preset--button--natural-1--button-1--13\"><a class=\"wp-block-button__link wp-element-button\" href=\"https:\/\/808istanbul.com\/tr\/dienstleistungen\/\">Mehr entdecken<\/a><\/div>\n<\/div>\n<\/div>\n<\/div><\/div>\n<\/div>","protected":false},"excerpt":{"rendered":"<p>Entdecken Sie das kreative Schaffen von 808 \u0130stanbul Record. Hier pr\u00e4sentieren wir eine Auswahl an visuellen Eindr\u00fccken, die unsere musikalische und k\u00fcnstlerische Vielfalt widerspiegeln. Erfolgreiche Projekte aus unserem kreativen Studio Dieser Abschnitt erl\u00e4utert unseren kreativen Prozess und zeigt, wie Sie mit 808 \u0130stanbul Ihre Musikprojekte verwirklichen. So hat 808 \u0130stanbul die Musikproduktion neu definiert Diese [&hellip;]<\/p>\n","protected":false},"author":1,"featured_media":0,"parent":0,"menu_order":0,"comment_status":"closed","ping_status":"closed","template":"page-with-title","meta":{"footnotes":""},"class_list":["post-18","page","type-page","status-publish","hentry"],"_links":{"self":[{"href":"https:\/\/808istanbul.com\/tr\/wp-json\/wp\/v2\/pages\/18","targetHints":{"allow":["GET"]}}],"collection":[{"href":"https:\/\/808istanbul.com\/tr\/wp-json\/wp\/v2\/pages"}],"about":[{"href":"https:\/\/808istanbul.com\/tr\/wp-json\/wp\/v2\/types\/page"}],"author":[{"embeddable":true,"href":"https:\/\/808istanbul.com\/tr\/wp-json\/wp\/v2\/users\/1"}],"replies":[{"embeddable":true,"href":"https:\/\/808istanbul.com\/tr\/wp-json\/wp\/v2\/comments?post=18"}],"version-history":[{"count":2,"href":"https:\/\/808istanbul.com\/tr\/wp-json\/wp\/v2\/pages\/18\/revisions"}],"predecessor-version":[{"id":72,"href":"https:\/\/808istanbul.com\/tr\/wp-json\/wp\/v2\/pages\/18\/revisions\/72"}],"wp:attachment":[{"href":"https:\/\/808istanbul.com\/tr\/wp-json\/wp\/v2\/media?parent=18"}],"curies":[{"name":"wp","href":"https:\/\/api.w.org\/{rel}","templated":true}]}}